{"id":227,"date":"2023-08-14T14:30:25","date_gmt":"2023-08-14T12:30:25","guid":{"rendered":"https:\/\/2suits.fr\/?page_id=227"},"modified":"2024-04-11T16:29:42","modified_gmt":"2024-04-11T14:29:42","slug":"corporate","status":"publish","type":"page","link":"https:\/\/2suits.fr\/?page_id=227","title":{"rendered":"Nos services"},"content":{"rendered":"\n<div class=\"wp-block-cover alignwide\" style=\"min-height:172px;aspect-ratio:unset;\"><span aria-hidden=\"true\" class=\"wp-block-cover__background has-background-dim-60 has-background-dim\" style=\"background-color:#000000\"><\/span><img decoding=\"async\" class=\"wp-block-cover__image-background\" alt=\"\" src=\"https:\/\/s.w.org\/images\/core\/5.8\/art-01.jpg\" data-object-fit=\"cover\"\/><div class=\"wp-block-cover__inner-container is-layout-flow wp-block-cover-is-layout-flow\">\n<h1 class=\"wp-block-heading alignwide has-text-align-center has-white-color has-text-color\" style=\"font-size:38px;line-height:1.2;text-transform:uppercase\">NOS SERVICES sur mesure<\/h1>\n<\/div><\/div>\n\n\n\n<div class=\"wp-block-cover alignwide has-parallax\" style=\"border-style:none;border-width:0px;border-radius:0px;margin-top:0;margin-bottom:0;padding-top:0;padding-bottom:0\"><span aria-hidden=\"true\" class=\"wp-block-cover__background has-background-dim-70 has-background-dim wp-block-cover__gradient-background has-background-gradient\" style=\"background:linear-gradient(135deg,rgb(236,34,34) 0%,rgb(0,84,133) 58%,rgb(192,41,41) 82%,rgb(131,8,8) 100%)\"><\/span><div class=\"wp-block-cover__image-background wp-image-401 has-parallax\" style=\"background-position:50% 50%;background-image:url(http:\/\/2suits.fr\/wp-content\/uploads\/2024\/02\/Beatrice-4.jpg)\"><\/div><div class=\"wp-block-cover__inner-container is-layout-constrained wp-block-cover-is-layout-constrained\">\n<p><\/p>\n\n\n\n<p class=\"has-text-align-center\" style=\"padding-top:var(--wp--preset--spacing--30);padding-right:var(--wp--preset--spacing--80);padding-bottom:var(--wp--preset--spacing--30);padding-left:var(--wp--preset--spacing--80)\"><strong>Des s\u00e9jours en entreprises, des s\u00e9ances et Week-ends de team building en ch\u00e2teau, des diners entre collaborateurs et associ\u00e9s, des soir\u00e9es pour un lancement, des cocktails, des congr\u00e8s, voici une palette non exhaustive de nos diff\u00e9rentes sp\u00e9cialit\u00e9es. Nous fournissons aussi du personnel sur mesure de mani\u00e8re extraordinaire, tel que des chauffeurs, des maitres d&#8217;h\u00f4tels et du personnel pour l&#8217;accueil.<\/strong><\/p>\n\n\n\n<p class=\"has-text-align-center\" style=\"padding-top:var(--wp--preset--spacing--30);padding-right:var(--wp--preset--spacing--80);padding-bottom:var(--wp--preset--spacing--30);padding-left:var(--wp--preset--spacing--80)\"><strong>2Suits propose des formules clefs en mains pour tous types d&#8217;\u00e9v\u00e8nements. Notre r\u00e9seau parisien et europ\u00e9en nous permet d&#8217;avoir acc\u00e8s \u00e0 des lieux surprenants et parfois inaccessibles. <\/strong><\/p>\n\n\n\n<p class=\"has-text-align-center has-large-font-size\"><strong><em>2Suits en 2 chiffres <\/em><\/strong><\/p>\n\n\n<style>.kb-count-up-227_85cdca-f8 .kb-count-up-title{min-height:232px;}.kb-count-up-227_85cdca-f8 .kb-count-up-title{text-align:left;}.kb-count-up-227_85cdca-f8 .kb-count-up-number{font-size:var(--global-kb-font-size-xxl, 4rem);letter-spacing:-5px;font-family:Impact, Charcoal, sans-serif;}.kb-count-up-227_85cdca-f8 .kb-count-up-number{margin-right:0px;text-align:center;}.kb-count-up-227_85cdca-f8 .kb-count-up-number{min-height:41px;}<\/style>\n<div class=\"wp-block-kadence-countup kb-count-up-227_85cdca-f8 kb-count-up\" data-start=\"0\" data-end=\"39\" data-prefix=\"\" data-suffix=\"\" data-duration=\"2\" data-separator=\"\"><div class=\"kb-count-up-process kb-count-up-number\"><\/div><\/div>\n\n\n\n<p class=\"has-text-align-center has-medium-font-size\"><em><strong>Ev\u00e8nements r\u00e9alis\u00e9s en 2023<\/strong><\/em><\/p>\n\n\n\n<div class=\"wp-block-columns is-layout-flex wp-container-core-columns-is-layout-1 wp-block-columns-is-layout-flex\">\n<div class=\"wp-block-column is-layout-flow wp-block-column-is-layout-flow\" style=\"flex-basis:100%\"><style>.kb-count-up-227_dd89f8-27 .kb-count-up-title{min-height:232px;}.kb-count-up-227_dd89f8-27 .kb-count-up-title{text-align:left;}.kb-count-up-227_dd89f8-27 .kb-count-up-number{font-size:var(--global-kb-font-size-xxl, 4rem);letter-spacing:-5px;font-family:Impact, Charcoal, sans-serif;}.kb-count-up-227_dd89f8-27 .kb-count-up-number{margin-right:0px;text-align:center;}.kb-count-up-227_dd89f8-27 .kb-count-up-number{min-height:41px;}<\/style>\n<div class=\"wp-block-kadence-countup kb-count-up-227_dd89f8-27 kb-count-up\" data-start=\"0\" data-end=\"99.9\" data-prefix=\"\" data-suffix=\"%\" data-duration=\"2\" data-separator=\".\" data-decimal=\",\" data-decimal-spaces=\"1\"><div class=\"kb-count-up-process kb-count-up-number\"><\/div><\/div>\n<\/div>\n<\/div>\n\n\n\n<p class=\"has-text-align-center has-medium-font-size\"><strong><em>Taux de satisfaction ! <\/em><\/strong><\/p>\n\n\n\n<div style=\"height:79px\" aria-hidden=\"true\" class=\"wp-block-spacer\"><\/div>\n<\/div><\/div>\n\n\n\n<div class=\"wp-block-cover alignwide has-parallax\" style=\"min-height:633px;aspect-ratio:unset;\"><span aria-hidden=\"true\" class=\"wp-block-cover__background has-ast-global-color-8-background-color has-background-dim-60 has-background-dim\"><\/span><div class=\"wp-block-cover__image-background wp-image-492 has-parallax\" style=\"background-position:50% 50%;background-image:url(http:\/\/2suits.fr\/wp-content\/uploads\/2024\/03\/IMG-20240204-WA0007.jpg)\"><\/div><div class=\"wp-block-cover__inner-container is-layout-constrained wp-block-cover-is-layout-constrained\">\n<h2 class=\"wp-block-heading has-text-align-center has-ast-global-color-5-color has-text-color\" style=\"font-size:34px;text-transform:uppercase\">NOTRE M\u00e9thode<\/h2>\n\n\n\n<div style=\"height:31px\" aria-hidden=\"true\" class=\"wp-block-spacer\"><\/div>\n\n\n\n<h2 class=\"wp-block-heading has-text-align-center has-ast-global-color-5-color has-text-color\" style=\"font-size:24px;text-transform:uppercase\">1 &#8211; Nous determinons ensemble vos envies &amp; vos besoins<\/h2>\n\n\n\n<div style=\"height:32px\" aria-hidden=\"true\" class=\"wp-block-spacer\"><\/div>\n\n\n\n<div class=\"wp-block-columns alignwide is-layout-flex wp-container-core-columns-is-layout-2 wp-block-columns-is-layout-flex\" style=\"border-style:none;border-width:0px;padding-right:0;padding-left:0\">\n<div class=\"wp-block-column is-vertically-aligned-center is-layout-flow wp-block-column-is-layout-flow\" style=\"flex-basis:50%\">\n<div style=\"height:12px\" aria-hidden=\"true\" class=\"wp-block-spacer\"><\/div>\n\n\n\n<p class=\"has-text-align-right\">Nous nous d\u00e9pla\u00e7ons dans vos locaux afin d&#8217;\u00e9changer sur votre besoin et plus pr\u00e9cis\u00e9ment vos envies. Nous prenons le temps de comprendre et d&#8217;int\u00e9grer toutes vos exigences concernant vos attentes afin de pouvoir vous proposer une solution qui correspondra \u00e0 votre image <\/p>\n<\/div>\n\n\n\n<div class=\"wp-block-column is-vertically-aligned-center is-layout-flow wp-container-core-column-is-layout-3 wp-block-column-is-layout-flow\" style=\"padding-right:0;padding-left:0;flex-basis:50%\">\n<figure class=\"wp-block-image aligncenter size-large is-resized has-custom-border\"><img loading=\"lazy\" decoding=\"async\" width=\"724\" height=\"1024\" src=\"https:\/\/2suits.fr\/wp-content\/uploads\/2023\/08\/dev-1-1-724x1024.png\" alt=\"\" class=\"wp-image-286\" style=\"border-width:7px;border-radius:63px;width:174px;height:247px\" srcset=\"https:\/\/2suits.fr\/wp-content\/uploads\/2023\/08\/dev-1-1-724x1024.png 724w, https:\/\/2suits.fr\/wp-content\/uploads\/2023\/08\/dev-1-1-212x300.png 212w, https:\/\/2suits.fr\/wp-content\/uploads\/2023\/08\/dev-1-1-768x1086.png 768w, https:\/\/2suits.fr\/wp-content\/uploads\/2023\/08\/dev-1-1-1086x1536.png 1086w, https:\/\/2suits.fr\/wp-content\/uploads\/2023\/08\/dev-1-1.png 1414w\" sizes=\"(max-width: 724px) 100vw, 724px\" \/><\/figure>\n<\/div>\n<\/div>\n<\/div><\/div>\n\n\n\n<div class=\"wp-block-cover alignfull\"><span aria-hidden=\"true\" class=\"wp-block-cover__background has-ast-global-color-5-background-color has-background-dim-100 has-background-dim\"><\/span><div class=\"wp-block-cover__inner-container is-layout-flow wp-block-cover-is-layout-flow\">\n<h2 class=\"wp-block-heading has-text-align-center has-ast-global-color-8-color has-text-color\" id=\"we-re-a-studio-in-berlin-with-an-international-practice-in-architecture-urban-planning-and-interior-design-we-believe-in-sharing-knowledge-and-promoting-dialogue-to-increase-the-creative-potential-of-collaboration\" style=\"font-size:24px;text-transform:uppercase\">2 &#8211; une Proposition claire &amp; pr\u00e9cise<\/h2>\n\n\n\n<div class=\"wp-block-columns is-layout-flex wp-container-core-columns-is-layout-3 wp-block-columns-is-layout-flex\">\n<div class=\"wp-block-column is-layout-flow wp-block-column-is-layout-flow\" style=\"flex-basis:50%\">\n<figure class=\"wp-block-image aligncenter size-large is-resized wp-duotone-000000-rgb000-1\"><img loading=\"lazy\" decoding=\"async\" width=\"724\" height=\"1024\" src=\"https:\/\/2suits.fr\/wp-content\/uploads\/2023\/08\/creation-maquette-1-724x1024.png\" alt=\"\" class=\"wp-image-305\" style=\"object-fit:cover;width:393px;height:262px\" srcset=\"https:\/\/2suits.fr\/wp-content\/uploads\/2023\/08\/creation-maquette-1-724x1024.png 724w, https:\/\/2suits.fr\/wp-content\/uploads\/2023\/08\/creation-maquette-1-212x300.png 212w, https:\/\/2suits.fr\/wp-content\/uploads\/2023\/08\/creation-maquette-1-768x1086.png 768w, https:\/\/2suits.fr\/wp-content\/uploads\/2023\/08\/creation-maquette-1-1086x1536.png 1086w, https:\/\/2suits.fr\/wp-content\/uploads\/2023\/08\/creation-maquette-1.png 1414w\" sizes=\"(max-width: 724px) 100vw, 724px\" \/><\/figure>\n<\/div>\n\n\n\n<div class=\"wp-block-column is-layout-flow wp-block-column-is-layout-flow\" style=\"flex-basis:50%\">\n<div style=\"height:64px\" aria-hidden=\"true\" class=\"wp-block-spacer\"><\/div>\n\n\n\n<p class=\"has-text-align-right has-ast-global-color-8-color has-text-color\">Nos collaborateurs mettront tout par \u00e9crit, pour que nous puissions \u00eatre certains d&#8217;avoir bien compris et int\u00e9gr\u00e9s chacune de vos attentes. Parce que c&#8217;est aussi vous l&#8217;acteur de vos \u00e9v\u00e8nements.  <\/p>\n<\/div>\n<\/div>\n\n\n\n<p class=\"has-text-align-right has-ast-global-color-8-color has-text-color\" style=\"font-size:15px\"><em> A cette \u00e9tape, nous vous proposons un devis correspondant \u00e0 la prestation. <\/em><\/p>\n<\/div><\/div>\n\n\n\n<div class=\"wp-block-cover alignwide has-parallax\"><span aria-hidden=\"true\" class=\"wp-block-cover__background has-ast-global-color-8-background-color has-background-dim-60 has-background-dim\"><\/span><div class=\"wp-block-cover__image-background wp-image-489 has-parallax\" style=\"background-position:50% 50%;background-image:url(http:\/\/2suits.fr\/wp-content\/uploads\/2024\/03\/IMG_20240302_095536_804.jpg)\"><\/div><div class=\"wp-block-cover__inner-container is-layout-flow wp-block-cover-is-layout-flow\">\n<h2 class=\"wp-block-heading has-text-align-center has-ast-global-color-5-color has-text-color\" style=\"font-size:24px;text-transform:uppercase\">3 &#8211; La cr\u00e9ation commence enfin ! <\/h2>\n\n\n\n<div style=\"height:63px\" aria-hidden=\"true\" class=\"wp-block-spacer\"><\/div>\n\n\n<style>.wp-block-kadence-advancedheading.kt-adv-heading227_c90b37-df, .wp-block-kadence-advancedheading.kt-adv-heading227_c90b37-df[data-kb-block=\"kb-adv-heading227_c90b37-df\"]{max-width:685px;margin-right:auto;margin-left:auto;text-align:center;font-size:var(--global-kb-font-size-md, 1.25rem);font-style:normal;}.wp-block-kadence-advancedheading.kt-adv-heading227_c90b37-df mark, .wp-block-kadence-advancedheading.kt-adv-heading227_c90b37-df[data-kb-block=\"kb-adv-heading227_c90b37-df\"] mark{font-style:normal;color:#f76a0c;padding-top:0px;padding-right:0px;padding-bottom:0px;padding-left:0px;}<\/style>\n<h2 class=\"kt-adv-heading227_c90b37-df wp-block-kadence-advancedheading\" data-kb-block=\"kb-adv-heading227_c90b37-df\">L&#8217;aventure 2Suits commence ! Bien s\u00fbr, tout reste sur mesure, nous sommes d&#8217;une r\u00e9activit\u00e9 et d&#8217;un dynamisme qui nous permettra de proc\u00e9der \u00e0 des changements jusqu&#8217;au dernier moment. <\/h2>\n\n\n\n<div style=\"height:37px\" aria-hidden=\"true\" class=\"wp-block-spacer\"><\/div>\n\n\n\n<figure class=\"wp-block-image aligncenter size-large is-resized wp-duotone-rgb255255255-ffffff-2\"><img loading=\"lazy\" decoding=\"async\" width=\"724\" height=\"1024\" src=\"http:\/\/2suits.fr\/wp-content\/uploads\/2023\/05\/3-2-724x1024.png\" alt=\"\" class=\"wp-image-130\" style=\"object-fit:cover;width:278px;height:185px\" srcset=\"https:\/\/2suits.fr\/wp-content\/uploads\/2023\/05\/3-2-724x1024.png 724w, https:\/\/2suits.fr\/wp-content\/uploads\/2023\/05\/3-2-212x300.png 212w, https:\/\/2suits.fr\/wp-content\/uploads\/2023\/05\/3-2-768x1086.png 768w, https:\/\/2suits.fr\/wp-content\/uploads\/2023\/05\/3-2-1086x1536.png 1086w, https:\/\/2suits.fr\/wp-content\/uploads\/2023\/05\/3-2-1448x2048.png 1448w, https:\/\/2suits.fr\/wp-content\/uploads\/2023\/05\/3-2.png 1587w\" sizes=\"(max-width: 724px) 100vw, 724px\" \/><\/figure>\n\n\n\n<p><\/p>\n<\/div><\/div>\n","protected":false},"excerpt":{"rendered":"","protected":false},"author":1,"featured_media":0,"parent":0,"menu_order":0,"comment_status":"closed","ping_status":"closed","template":"","meta":{"site-sidebar-layout":"default","site-content-layout":"plain-container","ast-site-content-layout":"normal-width-container","site-content-style":"unboxed","site-sidebar-style":"unboxed","ast-global-header-display":"","ast-banner-title-visibility":"","ast-main-header-display":"","ast-hfb-above-header-display":"","ast-hfb-below-header-display":"","ast-hfb-mobile-header-display":"","site-post-title":"","ast-breadcrumbs-content":"","ast-featured-img":"","footer-sml-layout":"","theme-transparent-header-meta":"","adv-header-id-meta":"","stick-header-meta":"","header-above-stick-meta":"","header-main-stick-meta":"","header-below-stick-meta":"","astra-migrate-meta-layouts":"set","ast-page-background-enabled":"default","ast-page-background-meta":{"desktop":{"background-color":"var(--ast-global-color-4)","background-image":"","background-repeat":"repeat","background-position":"center center","background-size":"auto","background-attachment":"scroll","background-type":"","background-media":"","overlay-type":"","overlay-color":"","overlay-gradient":""},"tablet":{"background-color":"","background-image":"","background-repeat":"repeat","background-position":"center center","background-size":"auto","background-attachment":"scroll","background-type":"","background-media":"","overlay-type":"","overlay-color":"","overlay-gradient":""},"mobile":{"background-color":"","background-image":"","background-repeat":"repeat","background-position":"center center","background-size":"auto","background-attachment":"scroll","background-type":"","background-media":"","overlay-type":"","overlay-color":"","overlay-gradient":""}},"ast-content-background-meta":{"desktop":{"background-color":"var(--ast-global-color-5)","background-image":"","background-repeat":"repeat","background-position":"center center","background-size":"auto","background-attachment":"scroll","background-type":"","background-media":"","overlay-type":"","overlay-color":"","overlay-gradient":""},"tablet":{"background-color":"var(--ast-global-color-5)","background-image":"","background-repeat":"repeat","background-position":"center center","background-size":"auto","background-attachment":"scroll","background-type":"","background-media":"","overlay-type":"","overlay-color":"","overlay-gradient":""},"mobile":{"background-color":"var(--ast-global-color-5)","background-image":"","background-repeat":"repeat","background-position":"center center","background-size":"auto","background-attachment":"scroll","background-type":"","background-media":"","overlay-type":"","overlay-color":"","overlay-gradient":""}},"footnotes":""},"_links":{"self":[{"href":"https:\/\/2suits.fr\/index.php?rest_route=\/wp\/v2\/pages\/227"}],"collection":[{"href":"https:\/\/2suits.fr\/index.php?rest_route=\/wp\/v2\/pages"}],"about":[{"href":"https:\/\/2suits.fr\/index.php?rest_route=\/wp\/v2\/types\/page"}],"author":[{"embeddable":true,"href":"https:\/\/2suits.fr\/index.php?rest_route=\/wp\/v2\/users\/1"}],"replies":[{"embeddable":true,"href":"https:\/\/2suits.fr\/index.php?rest_route=%2Fwp%2Fv2%2Fcomments&post=227"}],"version-history":[{"count":91,"href":"https:\/\/2suits.fr\/index.php?rest_route=\/wp\/v2\/pages\/227\/revisions"}],"predecessor-version":[{"id":560,"href":"https:\/\/2suits.fr\/index.php?rest_route=\/wp\/v2\/pages\/227\/revisions\/560"}],"wp:attachment":[{"href":"https:\/\/2suits.fr\/index.php?rest_route=%2Fwp%2Fv2%2Fmedia&parent=227"}],"curies":[{"name":"wp","href":"https:\/\/api.w.org\/{rel}","templated":true}]}}