{"id":355,"date":"2024-02-03T17:22:07","date_gmt":"2024-02-03T16:22:07","guid":{"rendered":"https:\/\/2suits.fr\/?page_id=355"},"modified":"2024-04-11T15:49:39","modified_gmt":"2024-04-11T13:49:39","slug":"about-us","status":"publish","type":"page","link":"https:\/\/2suits.fr\/?page_id=355","title":{"rendered":"About us"},"content":{"rendered":"\n<div class=\"wp-block-cover alignwide has-parallax\" style=\"min-height:203px;aspect-ratio:unset;\"><span aria-hidden=\"true\" class=\"wp-block-cover__background has-background-dim-60 has-background-dim\" style=\"background-color:#000000\"><\/span><div class=\"wp-block-cover__image-background has-parallax\" style=\"background-position:50% 50%;background-image:url(https:\/\/s.w.org\/images\/core\/5.8\/art-01.jpg)\"><\/div><div class=\"wp-block-cover__inner-container is-layout-flow wp-block-cover-is-layout-flow\">\n<h1 class=\"wp-block-heading alignwide has-text-align-center has-white-color has-text-color\" style=\"font-size:38px;line-height:1.2;text-transform:uppercase\">2SUITS<\/h1>\n<\/div><\/div>\n\n\n\n<div style=\"height:65px\" aria-hidden=\"true\" class=\"wp-block-spacer\"><\/div>\n\n\n\n<h2 class=\"wp-block-heading alignwide has-text-align-center has-medium-font-size\">Mais qui sommes nous ?<\/h2>\n\n\n\n<p class=\"has-text-align-center\">2suits est une jeune soci\u00e9t\u00e9 de communication et de production \u00e9v\u00e8nementielle \u00e0 taille humaine, et \u00e7a, \u00e7a change. Ici vous n&#8217;\u00eates pas un client parmi tant d&#8217;autres, ici, vous \u00eates avec nos \u00e9quipes, avec Thomas, avec L\u00e9a, avec Mathieu, et bien d&#8217;autres qui seront \u00e0 vos cot\u00e9s et \u00e0 votre disposition !  <\/p>\n\n\n\n<p class=\"has-text-align-center\">Avec une exp\u00e9rience au sein de grandes agences parisiennes, et depuis d\u00e9j\u00e0 un an avec nos clients, nous avons su apprendre et cela nous \u00e0 permis de pouvoir proposer un nouveau type d&#8217;agence de communication &amp; production \u00e9v\u00e8nementielle. Nous nous appelons &#8220;Le contractant g\u00e9n\u00e9ral de l&#8217;Event&#8221;, nous prenons en charge et assurons toute la gestion et l&#8217;organisation des diff\u00e9rents prestataires lors de vos \u00e9v\u00e8nements et nous sommes sur place afin de vous accompagner \u00e0 chaque \u00e9tape. <\/p>\n\n\n\n<p class=\"has-text-align-center\">Nous proposons des solutions de communications innovantes et en accord avec votre image et vos envies, en \u00e9tant force de proposition via notre exp\u00e9rience.<\/p>\n\n\n\n<p class=\"has-text-align-center\">Nos partenaires : des traiteurs, des fleuristes, des sc\u00e9nographes vous proposeront des concepts uniques et exceptionnels. <\/p>\n\n\n\n<p class=\"has-text-align-center\">De la soir\u00e9e Press pour le lancement d&#8217;une marque \u00e0 un diner sur mesure avec des collaborateurs, en passant par un s\u00e9minaire d&#8217;entreprise en Toscane ou des ateliers de coh\u00e9sions d&#8217;\u00e9quipes en Normandie, nous mettons tous les moyens en \u0153uvre afin de rendre vos \u00e9v\u00e8nements inoubliables, car c&#8217;est \u00e7a notre philosophie, faire de vos \u00e9v\u00e8nements exceptionnels des moments extraordinaires .<\/p>\n\n\n\n<p class=\"has-text-align-center\">De la cr\u00e9ation \u00e0 la r\u00e9alisation, nos merveilleuses \u00e9quipes et nos formidables partenaires vous accompagneront avec une seule philosophie, tout, 2Suits !<\/p>\n\n\n<style>.kb-gallery-id-355_940f5d-6f.kb-gallery-ul.kb-gallery-type-fluidcarousel .kt-blocks-carousel figure .kb-gal-image-radius, .kb-gallery-id-355_940f5d-6f.kb-gallery-ul.kb-gallery-type-fluidcarousel .kt-blocks-carousel figure .kb-gal-image-radius img{height:306px;}.kb-gallery-id-355_940f5d-6f .kadence-blocks-gallery-item .kb-gal-image-radius{border-radius:45px 45px 45px 45px;}<\/style><div class=\"kb-gallery-wrap-id-355_940f5d-6f alignfull alignfull wp-block-kadence-advancedgallery\"><div class=\"kb-gallery-ul kb-gallery-non-static kb-gallery-type-fluidcarousel kb-gallery-id-355_940f5d-6f kb-gallery-caption-style-bottom-hover kb-gallery-filter-none\" data-image-filter=\"none\" data-lightbox-caption=\"true\"><div class=\"kt-blocks-carousel kt-carousel-container-dotstyle-outlinedark\"><div class=\"kt-blocks-carousel-init kb-blocks-fluid-carousel kt-carousel-arrowstyle-outlineblack kt-carousel-dotstyle-outlinedark\" data-slider-anim-speed=\"5730\" data-slider-scroll=\"1\" data-slider-arrows=\"true\" data-slider-dots=\"true\" data-slider-hover-pause=\"false\" data-slider-auto=\"1\" data-slider-speed=\"6040\" data-slider-type=\"fluidcarousel\" data-slider-center-mode=\"true\" data-slider-gap=\"10px\" data-slider-gap-tablet=\"10px\" data-slider-gap-mobile=\"10px\"><div class=\"kb-slide-item kb-gallery-carousel-item\"><div class=\"kadence-blocks-gallery-item\"><div class=\"kadence-blocks-gallery-item-inner\"><figure class=\"kb-gallery-figure kadence-blocks-gallery-item-hide-caption\" \"><div class=\"kb-gal-image-radius\"><div class=\"kb-gallery-image-contain\" ><img loading=\"lazy\" decoding=\"async\" src=\"data:image\/svg+xml,%3Csvg%20xmlns='http:\/\/www.w3.org\/2000\/svg'%20viewBox='0%200%201000%20667'%3E%3C\/svg%3E\"  data-splide-lazy=\"https:\/\/2suits.fr\/wp-content\/uploads\/2024\/03\/IMG-20240204-WA0007.jpg\" width=\"1014\" height=\"956\" alt=\"\" data-full-image=\"https:\/\/2suits.fr\/wp-content\/uploads\/2024\/03\/IMG-20240204-WA0007.jpg\" data-light-image=\"https:\/\/2suits.fr\/wp-content\/uploads\/2024\/03\/IMG-20240204-WA0007.jpg\" data-splide-lazy-srcset=\"https:\/\/2suits.fr\/wp-content\/uploads\/2024\/03\/IMG-20240204-WA0007.jpg 1014w, https:\/\/2suits.fr\/wp-content\/uploads\/2024\/03\/IMG-20240204-WA0007-300x283.jpg 300w, https:\/\/2suits.fr\/wp-content\/uploads\/2024\/03\/IMG-20240204-WA0007-768x724.jpg 768w\" sizes=\"(max-width: 1014px) 100vw, 1014px\"data-id=\"492\" class=\"wp-image-492 skip-lazy\"\/><\/div><\/div><\/figure><\/div><\/div><\/div><div class=\"kb-slide-item kb-gallery-carousel-item\"><div class=\"kadence-blocks-gallery-item\"><div class=\"kadence-blocks-gallery-item-inner\"><figure class=\"kb-gallery-figure kadence-blocks-gallery-item-hide-caption\" \"><div class=\"kb-gal-image-radius\"><div class=\"kb-gallery-image-contain\" ><img loading=\"lazy\" decoding=\"async\" src=\"data:image\/svg+xml,%3Csvg%20xmlns='http:\/\/www.w3.org\/2000\/svg'%20viewBox='0%200%201000%20667'%3E%3C\/svg%3E\"  data-splide-lazy=\"https:\/\/2suits.fr\/wp-content\/uploads\/2024\/03\/IMG-20240204-WA0006-828x1024.jpg\" width=\"828\" height=\"1024\" alt=\"\" data-full-image=\"https:\/\/2suits.fr\/wp-content\/uploads\/2024\/03\/IMG-20240204-WA0006.jpg\" data-light-image=\"https:\/\/2suits.fr\/wp-content\/uploads\/2024\/03\/IMG-20240204-WA0006.jpg\" data-splide-lazy-srcset=\"https:\/\/2suits.fr\/wp-content\/uploads\/2024\/03\/IMG-20240204-WA0006-828x1024.jpg 828w, https:\/\/2suits.fr\/wp-content\/uploads\/2024\/03\/IMG-20240204-WA0006-243x300.jpg 243w, https:\/\/2suits.fr\/wp-content\/uploads\/2024\/03\/IMG-20240204-WA0006-768x950.jpg 768w, https:\/\/2suits.fr\/wp-content\/uploads\/2024\/03\/IMG-20240204-WA0006.jpg 1170w\" sizes=\"(max-width: 828px) 100vw, 828px\"data-id=\"491\" class=\"wp-image-491 skip-lazy\"\/><\/div><\/div><\/figure><\/div><\/div><\/div><div class=\"kb-slide-item kb-gallery-carousel-item\"><div class=\"kadence-blocks-gallery-item\"><div class=\"kadence-blocks-gallery-item-inner\"><figure class=\"kb-gallery-figure kadence-blocks-gallery-item-hide-caption\" \"><div class=\"kb-gal-image-radius\"><div class=\"kb-gallery-image-contain\" ><img loading=\"lazy\" decoding=\"async\" src=\"data:image\/svg+xml,%3Csvg%20xmlns='http:\/\/www.w3.org\/2000\/svg'%20viewBox='0%200%201000%20667'%3E%3C\/svg%3E\"  data-splide-lazy=\"https:\/\/2suits.fr\/wp-content\/uploads\/2024\/03\/IMG_20240302_095536_804-1024x1024.jpg\" width=\"1024\" height=\"1024\" alt=\"\" data-full-image=\"https:\/\/2suits.fr\/wp-content\/uploads\/2024\/03\/IMG_20240302_095536_804.jpg\" data-light-image=\"https:\/\/2suits.fr\/wp-content\/uploads\/2024\/03\/IMG_20240302_095536_804.jpg\" data-splide-lazy-srcset=\"https:\/\/2suits.fr\/wp-content\/uploads\/2024\/03\/IMG_20240302_095536_804-1024x1024.jpg 1024w, https:\/\/2suits.fr\/wp-content\/uploads\/2024\/03\/IMG_20240302_095536_804-300x300.jpg 300w, https:\/\/2suits.fr\/wp-content\/uploads\/2024\/03\/IMG_20240302_095536_804-150x150.jpg 150w, https:\/\/2suits.fr\/wp-content\/uploads\/2024\/03\/IMG_20240302_095536_804-768x768.jpg 768w, https:\/\/2suits.fr\/wp-content\/uploads\/2024\/03\/IMG_20240302_095536_804-1536x1536.jpg 1536w, https:\/\/2suits.fr\/wp-content\/uploads\/2024\/03\/IMG_20240302_095536_804.jpg 1785w\" sizes=\"(max-width: 1024px) 100vw, 1024px\"data-id=\"489\" class=\"wp-image-489 skip-lazy\"\/><\/div><\/div><\/figure><\/div><\/div><\/div><div class=\"kb-slide-item kb-gallery-carousel-item\"><div class=\"kadence-blocks-gallery-item\"><div class=\"kadence-blocks-gallery-item-inner\"><figure class=\"kb-gallery-figure kadence-blocks-gallery-item-hide-caption\" \"><div class=\"kb-gal-image-radius\"><div class=\"kb-gallery-image-contain\" ><img loading=\"lazy\" decoding=\"async\" src=\"data:image\/svg+xml,%3Csvg%20xmlns='http:\/\/www.w3.org\/2000\/svg'%20viewBox='0%200%201000%20667'%3E%3C\/svg%3E\"  data-splide-lazy=\"https:\/\/2suits.fr\/wp-content\/uploads\/2024\/02\/IMG-20230906-WA0001-987x1024.jpg\" width=\"987\" height=\"1024\" alt=\"\" data-full-image=\"https:\/\/2suits.fr\/wp-content\/uploads\/2024\/02\/IMG-20230906-WA0001.jpg\" data-light-image=\"https:\/\/2suits.fr\/wp-content\/uploads\/2024\/02\/IMG-20230906-WA0001.jpg\" data-splide-lazy-srcset=\"https:\/\/2suits.fr\/wp-content\/uploads\/2024\/02\/IMG-20230906-WA0001-987x1024.jpg 987w, https:\/\/2suits.fr\/wp-content\/uploads\/2024\/02\/IMG-20230906-WA0001-289x300.jpg 289w, https:\/\/2suits.fr\/wp-content\/uploads\/2024\/02\/IMG-20230906-WA0001-768x797.jpg 768w, https:\/\/2suits.fr\/wp-content\/uploads\/2024\/02\/IMG-20230906-WA0001-1480x1536.jpg 1480w, https:\/\/2suits.fr\/wp-content\/uploads\/2024\/02\/IMG-20230906-WA0001.jpg 1542w\" sizes=\"(max-width: 987px) 100vw, 987px\"data-id=\"446\" class=\"wp-image-446 skip-lazy\"\/><\/div><\/div><\/figure><\/div><\/div><\/div><div class=\"kb-slide-item kb-gallery-carousel-item\"><div class=\"kadence-blocks-gallery-item\"><div class=\"kadence-blocks-gallery-item-inner\"><figure class=\"kb-gallery-figure kadence-blocks-gallery-item-hide-caption\" \"><div class=\"kb-gal-image-radius\"><div class=\"kb-gallery-image-contain\" ><img loading=\"lazy\" decoding=\"async\" src=\"data:image\/svg+xml,%3Csvg%20xmlns='http:\/\/www.w3.org\/2000\/svg'%20viewBox='0%200%201000%20667'%3E%3C\/svg%3E\"  data-splide-lazy=\"https:\/\/2suits.fr\/wp-content\/uploads\/2024\/02\/Beatrice-2.jpg\" width=\"1000\" height=\"1024\" alt=\"\" data-full-image=\"https:\/\/2suits.fr\/wp-content\/uploads\/2024\/02\/Beatrice-2.jpg\" data-light-image=\"https:\/\/2suits.fr\/wp-content\/uploads\/2024\/02\/Beatrice-2.jpg\" data-splide-lazy-srcset=\"https:\/\/2suits.fr\/wp-content\/uploads\/2024\/02\/Beatrice-2.jpg 1000w, https:\/\/2suits.fr\/wp-content\/uploads\/2024\/02\/Beatrice-2-293x300.jpg 293w, https:\/\/2suits.fr\/wp-content\/uploads\/2024\/02\/Beatrice-2-768x786.jpg 768w\" sizes=\"(max-width: 1000px) 100vw, 1000px\"data-id=\"403\" class=\"wp-image-403 skip-lazy\"\/><\/div><\/div><\/figure><\/div><\/div><\/div><div class=\"kb-slide-item kb-gallery-carousel-item\"><div class=\"kadence-blocks-gallery-item\"><div class=\"kadence-blocks-gallery-item-inner\"><figure class=\"kb-gallery-figure kadence-blocks-gallery-item-hide-caption\" \"><div class=\"kb-gal-image-radius\"><div class=\"kb-gallery-image-contain\" ><img loading=\"lazy\" decoding=\"async\" src=\"data:image\/svg+xml,%3Csvg%20xmlns='http:\/\/www.w3.org\/2000\/svg'%20viewBox='0%200%201000%20667'%3E%3C\/svg%3E\"  data-splide-lazy=\"http:\/\/2suits.fr\/wp-content\/uploads\/2024\/02\/IMG-20230925-WA0003.jpg\" width=\"767\" height=\"1024\" alt=\"\" data-full-image=\"http:\/\/2suits.fr\/wp-content\/uploads\/2024\/02\/IMG-20230925-WA0003.jpg\" data-light-image=\"http:\/\/2suits.fr\/wp-content\/uploads\/2024\/02\/IMG-20230925-WA0003.jpg\" data-splide-lazy-srcset=\"https:\/\/2suits.fr\/wp-content\/uploads\/2024\/02\/IMG-20230925-WA0003.jpg 767w, https:\/\/2suits.fr\/wp-content\/uploads\/2024\/02\/IMG-20230925-WA0003-225x300.jpg 225w\" sizes=\"(max-width: 767px) 100vw, 767px\"data-id=\"407\" class=\"wp-image-407 skip-lazy\"\/><\/div><\/div><\/figure><\/div><\/div><\/div><div class=\"kb-slide-item kb-gallery-carousel-item\"><div class=\"kadence-blocks-gallery-item\"><div class=\"kadence-blocks-gallery-item-inner\"><figure class=\"kb-gallery-figure kadence-blocks-gallery-item-hide-caption\" \"><div class=\"kb-gal-image-radius\"><div class=\"kb-gallery-image-contain\" ><img loading=\"lazy\" decoding=\"async\" src=\"data:image\/svg+xml,%3Csvg%20xmlns='http:\/\/www.w3.org\/2000\/svg'%20viewBox='0%200%201000%20667'%3E%3C\/svg%3E\"  data-splide-lazy=\"http:\/\/2suits.fr\/wp-content\/uploads\/2024\/02\/Beatrice-4.jpg\" width=\"1024\" height=\"1024\" alt=\"\" data-full-image=\"http:\/\/2suits.fr\/wp-content\/uploads\/2024\/02\/Beatrice-4.jpg\" data-light-image=\"http:\/\/2suits.fr\/wp-content\/uploads\/2024\/02\/Beatrice-4.jpg\" data-splide-lazy-srcset=\"https:\/\/2suits.fr\/wp-content\/uploads\/2024\/02\/Beatrice-4.jpg 1024w, https:\/\/2suits.fr\/wp-content\/uploads\/2024\/02\/Beatrice-4-300x300.jpg 300w, https:\/\/2suits.fr\/wp-content\/uploads\/2024\/02\/Beatrice-4-150x150.jpg 150w, https:\/\/2suits.fr\/wp-content\/uploads\/2024\/02\/Beatrice-4-768x768.jpg 768w\" sizes=\"(max-width: 1024px) 100vw, 1024px\"data-id=\"401\" class=\"wp-image-401 skip-lazy\"\/><\/div><\/div><\/figure><\/div><\/div><\/div><\/div><\/div><\/div><\/div>\n\n\n<div class=\"wp-block-cover alignfull has-parallax\"><span aria-hidden=\"true\" class=\"wp-block-cover__background has-ast-global-color-8-background-color has-background-dim-70 has-background-dim\"><\/span><div class=\"wp-block-cover__image-background wp-image-490 has-parallax\" style=\"background-position:50% 50%;background-image:url(http:\/\/2suits.fr\/wp-content\/uploads\/2024\/03\/IMG_20240316_104555_201.jpg)\"><\/div><div class=\"wp-block-cover__inner-container is-layout-constrained wp-block-cover-is-layout-constrained\">\n<p class=\"has-text-align-center has-x-large-font-size\"><em>Ils parlent de nous !<\/em><\/p>\n\n\n\n<p class=\"has-medium-font-size\"><strong><em>&#8220;Formidable ! Merci \u00e0 2Suits, notre soir\u00e9e a \u00e9t\u00e9 parfaite ! Merci encore pour votre disponibilit\u00e9 et r\u00e9activit\u00e9 !&#8221;<\/em>   Matthieu. P<\/strong><\/p>\n\n\n\n<div style=\"height:39px\" aria-hidden=\"true\" class=\"wp-block-spacer\"><\/div>\n\n\n\n<p class=\"has-text-align-center has-medium-font-size\"><em><strong>&#8220;Une \u00e9quipe au top ! A bient\u00f4t !&#8221; L\u00e9a. R <\/strong><\/em><\/p>\n\n\n\n<div style=\"height:39px\" aria-hidden=\"true\" class=\"wp-block-spacer\"><\/div>\n\n\n\n<p class=\"has-text-align-right has-medium-font-size\"><em><strong>&#8220;Un s\u00e9jour en Sicile avec 2Suits ! Merci pour votre r\u00e9seau, la ville de Noto \u00e9tait magnifique, nous avons pass\u00e9 une semaine parfaite!&#8221; Bruno. S<\/strong><\/em><\/p>\n\n\n\n<div style=\"height:39px\" aria-hidden=\"true\" class=\"wp-block-spacer\"><\/div>\n\n\n\n<p class=\"has-medium-font-size\"><em><strong>&#8220;Merci pour l&#8217;organisation de l&#8217;anniversaire de mon mari, on s&#8217;en rappellera pendant un bon moment !&#8221;  Marie. B<\/strong><\/em><\/p>\n<\/div><\/div>\n","protected":false},"excerpt":{"rendered":"<p>Mais qui sommes nous ? 2suits est une jeune soci\u00e9t\u00e9 de communication et de production \u00e9v\u00e8nementielle \u00e0 taille humaine, et \u00e7a, \u00e7a change. Ici vous n&#8217;\u00eates pas un client parmi tant d&#8217;autres, ici, vous \u00eates avec nos \u00e9quipes, avec Thomas, avec L\u00e9a, avec Mathieu, et bien d&#8217;autres qui seront \u00e0 vos cot\u00e9s et \u00e0 votre [&hellip;]<\/p>\n","protected":false},"author":1,"featured_media":0,"parent":0,"menu_order":0,"comment_status":"closed","ping_status":"closed","template":"","meta":{"site-sidebar-layout":"default","site-content-layout":"","ast-site-content-layout":"default","site-content-style":"default","site-sidebar-style":"default","ast-global-header-display":"","ast-banner-title-visibility":"","ast-main-header-display":"","ast-hfb-above-header-display":"","ast-hfb-below-header-display":"","ast-hfb-mobile-header-display":"","site-post-title":"","ast-breadcrumbs-content":"","ast-featured-img":"","footer-sml-layout":"","theme-transparent-header-meta":"","adv-header-id-meta":"","stick-header-meta":"","header-above-stick-meta":"","header-main-stick-meta":"","header-below-stick-meta":"","astra-migrate-meta-layouts":"set","ast-page-background-enabled":"default","ast-page-background-meta":{"desktop":{"background-color":"var(--ast-global-color-4)","background-image":"","background-repeat":"repeat","background-position":"center center","background-size":"auto","background-attachment":"scroll","background-type":"","background-media":"","overlay-type":"","overlay-color":"","overlay-gradient":""},"tablet":{"background-color":"","background-image":"","background-repeat":"repeat","background-position":"center center","background-size":"auto","background-attachment":"scroll","background-type":"","background-media":"","overlay-type":"","overlay-color":"","overlay-gradient":""},"mobile":{"background-color":"","background-image":"","background-repeat":"repeat","background-position":"center center","background-size":"auto","background-attachment":"scroll","background-type":"","background-media":"","overlay-type":"","overlay-color":"","overlay-gradient":""}},"ast-content-background-meta":{"desktop":{"background-color":"var(--ast-global-color-5)","background-image":"","background-repeat":"repeat","background-position":"center center","background-size":"auto","background-attachment":"scroll","background-type":"","background-media":"","overlay-type":"","overlay-color":"","overlay-gradient":""},"tablet":{"background-color":"var(--ast-global-color-5)","background-image":"","background-repeat":"repeat","background-position":"center center","background-size":"auto","background-attachment":"scroll","background-type":"","background-media":"","overlay-type":"","overlay-color":"","overlay-gradient":""},"mobile":{"background-color":"var(--ast-global-color-5)","background-image":"","background-repeat":"repeat","background-position":"center center","background-size":"auto","background-attachment":"scroll","background-type":"","background-media":"","overlay-type":"","overlay-color":"","overlay-gradient":""}},"footnotes":""},"_links":{"self":[{"href":"https:\/\/2suits.fr\/index.php?rest_route=\/wp\/v2\/pages\/355"}],"collection":[{"href":"https:\/\/2suits.fr\/index.php?rest_route=\/wp\/v2\/pages"}],"about":[{"href":"https:\/\/2suits.fr\/index.php?rest_route=\/wp\/v2\/types\/page"}],"author":[{"embeddable":true,"href":"https:\/\/2suits.fr\/index.php?rest_route=\/wp\/v2\/users\/1"}],"replies":[{"embeddable":true,"href":"https:\/\/2suits.fr\/index.php?rest_route=%2Fwp%2Fv2%2Fcomments&post=355"}],"version-history":[{"count":33,"href":"https:\/\/2suits.fr\/index.php?rest_route=\/wp\/v2\/pages\/355\/revisions"}],"predecessor-version":[{"id":547,"href":"https:\/\/2suits.fr\/index.php?rest_route=\/wp\/v2\/pages\/355\/revisions\/547"}],"wp:attachment":[{"href":"https:\/\/2suits.fr\/index.php?rest_route=%2Fwp%2Fv2%2Fmedia&parent=355"}],"curies":[{"name":"wp","href":"https:\/\/api.w.org\/{rel}","templated":true}]}}